{"id":10,"date":"2018-03-16T12:45:17","date_gmt":"2018-03-16T11:45:17","guid":{"rendered":"http:\/\/localhost:8888\/nice\/?page_id=10"},"modified":"2026-04-01T16:53:18","modified_gmt":"2026-04-01T14:53:18","slug":"accueil","status":"publish","type":"page","link":"https:\/\/www.tdstravel.fr\/es\/","title":{"rendered":"Bienvenido"},"content":{"rendered":"<div data-vc-full-width=\"true\" data-vc-full-width-init=\"false\" class=\"vc_row wpb_row vc_row-fluid vc_custom_1521222814263 vc_row-has-fill vc_row-o-content-middle vc_row-flex\"><div class=\"wpb_column vc_column_container col-sm-4\"><div class=\"vc_column-inner\"><div class=\"wpb_wrapper\"><\/div><\/div><\/div><div class=\"wpb_column vc_column_container col-sm-4\"><div class=\"vc_column-inner\"><div class=\"wpb_wrapper\">\n\t<div class=\"wpb_text_column wpb_content_element  vc_custom_1664878256532\" >\n\t\t<div class=\"wpb_wrapper\">\n\t\t\t<h1 style=\"text-align: center;\"><span style=\"color: #ffffff;\"><strong>Alquiler de autocares Par\u00eds<\/strong><\/span><\/h1>\n<h2 style=\"text-align: center; color: #ffffff;\">Alquile un autob\u00fas con conductor desde Par\u00eds y toda \u00cele-de-France<\/h2>\n\n\t\t<\/div>\n\t<\/div>\n<div class=\"vc_btn3-container vc_btn3-center\" >\n\t<a class=\"vc_general vc_btn3 vc_btn3-size-md vc_btn3-shape-rounded vc_btn3-style-outline vc_btn3-icon-left vc_btn3-color-white\" href=\"\/es\/estimar\/\" title=\"\"><i class=\"vc_btn3-icon fa fa-calculator\"><\/i> SOLICITAR COTIZACI\u00d3N<\/a><\/div>\n<\/div><\/div><\/div><div class=\"wpb_column vc_column_container col-sm-4\"><div class=\"vc_column-inner\"><div class=\"wpb_wrapper\"><\/div><\/div><\/div><\/div><div class=\"vc_row-full-width vc_clearfix\"><\/div><div data-vc-full-width=\"true\" data-vc-full-width-init=\"false\" class=\"vc_row wpb_row vc_row-fluid vc_row-o-content-middle vc_row-flex\"><div class=\"wpb_column vc_column_container col-sm-12\"><div class=\"vc_column-inner\"><div class=\"wpb_wrapper\">\n\t\t\t<section class=\"imageblock switchable feature-large bg--secondary space--sm\">\n\t\t\t    <div class=\"imageblock__content col-md-6 col-sm-4 pos-right\">\n\t\t\t        <div class=\"background-image-holder\">\n\t\t\t            <img loading=\"lazy\" decoding=\"async\" width=\"1200\" height=\"1600\" src=\"https:\/\/www.tdstravel.fr\/wp-content\/uploads\/2024\/12\/WhatsApp-Image-2024-10-17-a-11.20.12_ad7b0979.jpg\" class=\"attachment-full size-full\" alt=\"autob\u00fas tds par\u00eds\" srcset=\"https:\/\/www.tdstravel.fr\/wp-content\/uploads\/2024\/12\/WhatsApp-Image-2024-10-17-a-11.20.12_ad7b0979.jpg 1200w, https:\/\/www.tdstravel.fr\/wp-content\/uploads\/2024\/12\/WhatsApp-Image-2024-10-17-a-11.20.12_ad7b0979-225x300.jpg 225w, https:\/\/www.tdstravel.fr\/wp-content\/uploads\/2024\/12\/WhatsApp-Image-2024-10-17-a-11.20.12_ad7b0979-768x1024.jpg 768w, https:\/\/www.tdstravel.fr\/wp-content\/uploads\/2024\/12\/WhatsApp-Image-2024-10-17-a-11.20.12_ad7b0979-1152x1536.jpg 1152w, https:\/\/www.tdstravel.fr\/wp-content\/uploads\/2024\/12\/WhatsApp-Image-2024-10-17-a-11.20.12_ad7b0979-9x12.jpg 9w\" sizes=\"auto, (max-width: 1200px) 100vw, 1200px\" \/>\n\t\t\t        <\/div>\n\t\t\t    <\/div>\n\t\t\t    <div class=\"container\">\n\t\t\t        <div class=\"row\">\n\t\t\t            <div class=\"col-md-5 col-sm-7\">\n\t\t\t                \n\t<div class=\"wpb_text_column wpb_content_element\" >\n\t\t<div class=\"wpb_wrapper\">\n\t\t\t<h2>Transporte en autocar en Par\u00eds<\/h2>\n<p>TDS Paris le ofrece su <strong>alquiler de autocares, autobuses o minibuses<\/strong> con conductores experimentados, ofreciendo un servicio de transporte confiable y c\u00f3modo para <strong>corto o largo plazo<\/strong> en toda Francia. Solicite un presupuesto personalizado y descubra nuestros precios competitivos.<\/p>\n<p><strong>Salidas en grupo, viajes escolares, fiestas privadas, l\u00edneas regulares de autob\u00fas.<\/strong>, nos adaptamos a su petici\u00f3n ofreciendo soluciones de transporte a medida para <strong>todo tipo de viajes<\/strong> Y <strong>todo tipo de grupos<\/strong>.<\/p>\n<p>TDS est\u00e1 instalado en <strong>Par\u00eds (75), Toulouse (31) y Niza (06)<\/strong>, con socios transportistas en toda Francia y Europa, lo que nos permite satisfacer todas sus necesidades de viaje, <strong>transferencias nacionales e internacionales<\/strong>, <strong>estancias ling\u00fc\u00edsticas<\/strong>, <strong>transporte al aeropuerto<\/strong> y mucho m\u00e1s.<\/p>\n\n\t\t<\/div>\n\t<\/div>\n\n\t\t\t            <\/div>\n\t\t\t        <\/div><!--end of row-->\n\t\t\t    <\/div><!--end of container-->\n\t\t\t<\/section>\n\t\t<\/div><\/div><\/div><\/div><div class=\"vc_row-full-width vc_clearfix\"><\/div><div class=\"container\"><div class=\"vc_row wpb_row vc_row-fluid vc_custom_1521231129979\"><div class=\"wpb_column vc_column_container col-sm-12\"><div class=\"vc_column-inner vc_custom_1521212960436\"><div class=\"wpb_wrapper\">\n\t<div class=\"wpb_text_column wpb_content_element  vc_custom_1607942164626\" >\n\t\t<div class=\"wpb_wrapper\">\n\t\t\t<h2 style=\"text-align: center;\">Una flota de autocares modernos<\/h2>\n<p style=\"text-align: center;\">Especializada en transporte, TDS Travel concede suma importancia a disponer de equipos recientes, fiables, eficientes y c\u00f3modos. Nuestra amplia flota de veh\u00edculos, incluyendo<strong> autocares, autobuses y minibuses<\/strong>, garantiza un servicio de calidad para transportar a nuestros pasajeros en las mejores condiciones durante sus viajes tur\u00edsticos y profesionales. Ya sea por <strong>alquiler de autocares Par\u00eds<\/strong> o en el <strong>otras ciudades francesas importantes<\/strong>, ofrecemos soluciones de transporte adaptadas a cada grupo. Nuestra moderna flota, con una antig\u00fcedad media de 2 a\u00f1os y medio, incluye numerosos autobuses urbanos de alta capacidad, que permiten transportar un gran n\u00famero de pasajeros sin comprometer nunca el confort.<\/p>\n<p style=\"text-align: center;\">Nuestra flota cumple estrictamente con los est\u00e1ndares medioambientales, asegurando que todos nuestros autocares y minibuses cumplen con <strong>Normas Euro6<\/strong>. Gracias a esta atenci\u00f3n a la seguridad y la eficiencia, garantizamos un impacto medioambiental reducido durante sus viajes en autocar.<\/p>\n\n\t\t<\/div>\n\t<\/div>\n<div class=\"wpb_gallery wpb_content_element vc_clearfix wpb_animate_when_almost_visible wpb_fadeIn fadeIn\" ><div class=\"wpb_wrapper\"><div class=\"wpb_gallery_slides wpb_image_grid\" data-interval=\"3\"><ul class=\"wpb_image_grid_ul\"><li class=\"isotope-item\"><a class=\"prettyphoto\" href=\"https:\/\/www.tdstravel.fr\/wp-content\/uploads\/2022\/10\/12950.jpg\" data-rel=\"prettyPhoto[rel-10-2014755479]\"><img loading=\"lazy\" decoding=\"async\" class=\"\" src=\"https:\/\/www.tdstravel.fr\/wp-content\/uploads\/2022\/10\/12950-352x215.jpg\" width=\"352\" height=\"215\" alt=\"12950\" title=\"12950\" \/><\/a><\/li><li class=\"isotope-item\"><a class=\"prettyphoto\" href=\"https:\/\/www.tdstravel.fr\/wp-content\/uploads\/2022\/10\/12580.jpg\" data-rel=\"prettyPhoto[rel-10-2014755479]\"><img loading=\"lazy\" decoding=\"async\" class=\"\" src=\"https:\/\/www.tdstravel.fr\/wp-content\/uploads\/2022\/10\/12580-337x215.jpg\" width=\"337\" height=\"215\" alt=\"12580\" title=\"12580\" \/><\/a><\/li><li class=\"isotope-item\"><a class=\"prettyphoto\" href=\"https:\/\/www.tdstravel.fr\/wp-content\/uploads\/2022\/10\/FB_IMG_1649328257706.jpg\" data-rel=\"prettyPhoto[rel-10-2014755479]\"><img loading=\"lazy\" decoding=\"async\" class=\"\" src=\"https:\/\/www.tdstravel.fr\/wp-content\/uploads\/2022\/10\/FB_IMG_1649328257706-352x215.jpg\" width=\"352\" height=\"215\" alt=\"FB_IMG_1649328257706\" title=\"FB_IMG_1649328257706\" \/><\/a><\/li><li class=\"isotope-item\"><a class=\"prettyphoto\" href=\"https:\/\/www.tdstravel.fr\/wp-content\/uploads\/2022\/10\/IMG-20221015-WA0008.jpg\" data-rel=\"prettyPhoto[rel-10-2014755479]\"><img loading=\"lazy\" decoding=\"async\" class=\"\" src=\"https:\/\/www.tdstravel.fr\/wp-content\/uploads\/2022\/10\/IMG-20221015-WA0008-352x215.jpg\" width=\"352\" height=\"215\" alt=\"interieur autocar tds 3\" title=\"interieur autocar tds 3\" \/><\/a><\/li><li class=\"isotope-item\"><a class=\"prettyphoto\" href=\"https:\/\/www.tdstravel.fr\/wp-content\/uploads\/2022\/10\/IMG_20221015_131414-768x1024.jpg\" data-rel=\"prettyPhoto[rel-10-2014755479]\"><img loading=\"lazy\" decoding=\"async\" class=\"\" src=\"https:\/\/www.tdstravel.fr\/wp-content\/uploads\/2022\/10\/IMG_20221015_131414-scaled-352x215.jpg\" width=\"352\" height=\"215\" alt=\"int\u00e9rieur minibus mercedes\" title=\"int\u00e9rieur minibus mercedes\" \/><\/a><\/li><li class=\"isotope-item\"><a class=\"prettyphoto\" href=\"https:\/\/www.tdstravel.fr\/wp-content\/uploads\/2022\/10\/image_274f4517-9aee-46ea-8c74-1ef0cec9be7020220420_182303.jpg\" data-rel=\"prettyPhoto[rel-10-2014755479]\"><img loading=\"lazy\" decoding=\"async\" class=\"\" src=\"https:\/\/www.tdstravel.fr\/wp-content\/uploads\/2022\/10\/image_274f4517-9aee-46ea-8c74-1ef0cec9be7020220420_182303-352x215.jpg\" width=\"352\" height=\"215\" alt=\"tds autocar cote d&#039;azur\" title=\"tds autocar cote d&#039;azur\" \/><\/a><\/li><li class=\"isotope-item\"><a class=\"prettyphoto\" href=\"https:\/\/www.tdstravel.fr\/wp-content\/uploads\/2022\/10\/IMG_20211214_094349-1024x768.jpg\" data-rel=\"prettyPhoto[rel-10-2014755479]\"><img loading=\"lazy\" decoding=\"async\" class=\"\" src=\"https:\/\/www.tdstravel.fr\/wp-content\/uploads\/2022\/10\/IMG_20211214_094349-352x215.jpg\" width=\"352\" height=\"215\" alt=\"interieur autocar tds 4\" title=\"interieur autocar tds 4\" \/><\/a><\/li><li class=\"isotope-item\"><a class=\"prettyphoto\" href=\"https:\/\/www.tdstravel.fr\/wp-content\/uploads\/2022\/10\/IMG_20221015_121240-768x1024.jpg\" data-rel=\"prettyPhoto[rel-10-2014755479]\"><img loading=\"lazy\" decoding=\"async\" class=\"\" src=\"https:\/\/www.tdstravel.fr\/wp-content\/uploads\/2022\/10\/IMG_20221015_121240-scaled-352x215.jpg\" width=\"352\" height=\"215\" alt=\"int\u00e9rieur old autocar tds 3\" title=\"int\u00e9rieur old autocar tds 3\" \/><\/a><\/li><li class=\"isotope-item\"><a class=\"prettyphoto\" href=\"https:\/\/www.tdstravel.fr\/wp-content\/uploads\/2022\/10\/IMG_20220321_150951_006-1024x1024.jpg\" data-rel=\"prettyPhoto[rel-10-2014755479]\"><img loading=\"lazy\" decoding=\"async\" class=\"\" src=\"https:\/\/www.tdstravel.fr\/wp-content\/uploads\/2022\/10\/IMG_20220321_150951_006-scaled-352x215.jpg\" width=\"352\" height=\"215\" alt=\"autocar tds old 2\" title=\"autocar tds old 2\" \/><\/a><\/li><li class=\"isotope-item\"><a class=\"prettyphoto\" href=\"https:\/\/www.tdstravel.fr\/wp-content\/uploads\/2022\/10\/IMG-20220824-WA0009-1024x768.jpg\" data-rel=\"prettyPhoto[rel-10-2014755479]\"><img loading=\"lazy\" decoding=\"async\" class=\"\" src=\"https:\/\/www.tdstravel.fr\/wp-content\/uploads\/2022\/10\/IMG-20220824-WA0009-352x215.jpg\" width=\"352\" height=\"215\" alt=\"autocar 2\" title=\"autocar 2\" \/><\/a><\/li><\/ul><\/div><\/div><\/div><div class=\"row vc_row wpb_row vc_inner vc_row-fluid vc_row-o-content-middle vc_row-flex\"><div class=\"wpb_column vc_column_container col-sm-12\"><div class=\"vc_column-inner\"><div class=\"wpb_wrapper\">\n\t<div class=\"wpb_text_column wpb_content_element  vc_custom_1680700941945\" >\n\t\t<div class=\"wpb_wrapper\">\n\t\t\t<h2><\/h2>\n<h2 style=\"text-align: center;\">\u00bfPor qu\u00e9 elegir TDS Travel para su alquiler de autocares en Par\u00eds?<\/h2>\n<p style=\"text-align: center;\">Con <strong>m\u00e1s de 14 a\u00f1os de experiencia<\/strong> en el alquiler de autocares en Par\u00eds, TDS Travel le ofrece viajes c\u00f3modos y de calidad por todo <strong>Francia y Europa.<\/strong> Gracias a nuestra amplia gama de autocares y veh\u00edculos, podemos satisfacer tus necesidades sean cuales sean, ofreciendo una gran flexibilidad en funci\u00f3n de <strong>n\u00famero de pasajeros, horarios de salida, paradas y destinos<\/strong>.<\/p>\n<p style=\"text-align: center;\">Todos nuestros conductores de autocares de Par\u00eds son <strong>profesionales experimentados y corteses, capacitados<\/strong> para brindar una experiencia de viaje segura y placentera. Cada uno de nuestros conductores est\u00e1 atento y listo para responder todas las preguntas y solicitudes de nuestros clientes para garantizar un <strong>Viaje de calidad y sin estr\u00e9s.<\/strong><\/p>\n<p style=\"text-align: center;\">Aprovecha nuestro<strong> precios atractivos<\/strong> que desaf\u00edan toda competencia para alquilar un autocar en Par\u00eds con TDS Travel y beneficiarse de un servicio a medida, adaptado a sus solicitudes y a su presupuesto. Tambi\u00e9n trabajamos con una red de socios transportistas para ofrecer soluciones integrales de transporte. <strong>incluyendo traslados desde y hacia aeropuertos.<\/strong><\/p>\n<p style=\"text-align: center;\">Nos comprometemos a responder r\u00e1pidamente a todas sus solicitudes de cotizaci\u00f3n, garantizando total transparencia para que no haya <strong>sin costos ocultos<\/strong>. Es nuestro compromiso ofrecerle un servicio sin sorpresas.<\/p>\n<p style=\"text-align: center;\"><span>si el\u00a0<\/span><strong>alquiler de autocares Par\u00eds<\/strong><span>\u00a0te interesa, no lo dudes m\u00e1s y\u00a0<\/span><strong>cont\u00e1ctanos<\/strong><span>.<\/span><\/p>\n<h2 style=\"text-align: center;\">La dimensi\u00f3n ecol\u00f3gica en TDS Travel<\/h2>\n<p style=\"text-align: center;\">En TDS Autocar estamos profundamente comprometidos con el planeta:<strong> desde 2022, hemos plantado 1000 \u00e1rboles<\/strong>, contribuyendo activamente en proyectos de reforestaci\u00f3n y compensando nuestra huella de carbono. Esto resulta en una captura de <strong>180.000 kg de CO2<\/strong> y la creaci\u00f3n de numerosos h\u00e1bitats para la vida silvestre local.<\/p>\n\n\t\t<\/div>\n\t<\/div>\n\n\t\t\t<div class=\"cta cta--horizontal text-center-xs row\">\n\t\t\t    <div class=\"col-sm-4\">\n\t\t\t        <h4><\/h4>  \n\t\t\t    <\/div>\n\t\t\t    <div class=\"col-sm-5\">\n\t\t\t        <p class=\"lead\"><\/p>\n\t\t\t    <\/div>\n\t\t\t    <div class=\"col-sm-3 text-right text-center-xs\">\n\t\t\t        <a class=\"btn btn--primary type--uppercase\" href=\"\" target=\"_self\"><span class=\"btn__text\">Solicita tu cotizaci\u00f3n<\/span><\/a>\n\t\t\t    <\/div>\n\t\t\t<\/div>\n\t\t<\/div><\/div><\/div><\/div><\/div><\/div><\/div><\/div><\/div>","protected":false},"excerpt":{"rendered":"Alquiler de autocar en Par\u00eds Alquile un autob\u00fas con conductor desde Par\u00eds y toda la regi\u00f3n de \u00cele-de-France SOLICITAR PRESUPUESTO Transporte en autocar en Par\u00eds...","protected":false},"author":4,"featured_media":0,"parent":0,"menu_order":0,"comment_status":"closed","ping_status":"closed","template":"","meta":{"footnotes":""},"class_list":["post-10","page","type-page","status-publish","hentry"],"yoast_head":"<!-- This site is optimized with the Yoast SEO plugin v27.3 - https:\/\/yoast.com\/product\/yoast-seo-wordpress\/ -->\n<title>Location Autocar avec Chauffeur | TDS Travel<\/title>\n<meta name=\"description\" content=\"Location d\u2019autocars, bus et minibus avec chauffeur en France et en Europe. Service fiable, flotte moderne et devis rapide pour tous vos trajets.\" \/>\n<meta name=\"robots\" content=\"index, follow, max-snippet:-1, max-image-preview:large, max-video-preview:-1\" \/>\n<link rel=\"canonical\" href=\"https:\/\/www.tdstravel.fr\/es\/\" \/>\n<meta property=\"og:locale\" content=\"es_ES\" \/>\n<meta property=\"og:type\" content=\"article\" \/>\n<meta property=\"og:title\" content=\"Location Autocar avec Chauffeur | TDS Travel\" \/>\n<meta property=\"og:description\" content=\"Location d\u2019autocars, bus et minibus avec chauffeur en France et en Europe. Service fiable, flotte moderne et devis rapide pour tous vos trajets.\" \/>\n<meta property=\"og:url\" content=\"https:\/\/www.tdstravel.fr\/es\/\" \/>\n<meta property=\"og:site_name\" content=\"TDS Travel\" \/>\n<meta property=\"article:modified_time\" content=\"2026-04-01T14:53:18+00:00\" \/>\n<meta name=\"twitter:card\" content=\"summary_large_image\" \/>\n<meta name=\"twitter:label1\" content=\"Tiempo de lectura\" \/>\n\t<meta name=\"twitter:data1\" content=\"4 minutos\" \/>\n<script type=\"application\/ld+json\" class=\"yoast-schema-graph\">{\"@context\":\"https:\\\/\\\/schema.org\",\"@graph\":[{\"@type\":\"WebPage\",\"@id\":\"https:\\\/\\\/www.tdstravel.fr\\\/\",\"url\":\"https:\\\/\\\/www.tdstravel.fr\\\/\",\"name\":\"Location Autocar avec Chauffeur | TDS Travel\",\"isPartOf\":{\"@id\":\"https:\\\/\\\/www.tdstravel.fr\\\/#website\"},\"datePublished\":\"2018-03-16T11:45:17+00:00\",\"dateModified\":\"2026-04-01T14:53:18+00:00\",\"description\":\"Location d\u2019autocars, bus et minibus avec chauffeur en France et en Europe. Service fiable, flotte moderne et devis rapide pour tous vos trajets.\",\"breadcrumb\":{\"@id\":\"https:\\\/\\\/www.tdstravel.fr\\\/#breadcrumb\"},\"inLanguage\":\"es\",\"potentialAction\":[{\"@type\":\"ReadAction\",\"target\":[\"https:\\\/\\\/www.tdstravel.fr\\\/\"]}]},{\"@type\":\"BreadcrumbList\",\"@id\":\"https:\\\/\\\/www.tdstravel.fr\\\/#breadcrumb\",\"itemListElement\":[{\"@type\":\"ListItem\",\"position\":1,\"name\":\"Accueil\",\"item\":\"https:\\\/\\\/www.tdstravel.fr\\\/\"},{\"@type\":\"ListItem\",\"position\":2,\"name\":\"Accueil\"}]},{\"@type\":\"WebSite\",\"@id\":\"https:\\\/\\\/www.tdstravel.fr\\\/#website\",\"url\":\"https:\\\/\\\/www.tdstravel.fr\\\/\",\"name\":\"TDS Travel\",\"description\":\"Location d&#039;autocars et de bus \u00e0 Paris\",\"potentialAction\":[{\"@type\":\"SearchAction\",\"target\":{\"@type\":\"EntryPoint\",\"urlTemplate\":\"https:\\\/\\\/www.tdstravel.fr\\\/?s={search_term_string}\"},\"query-input\":{\"@type\":\"PropertyValueSpecification\",\"valueRequired\":true,\"valueName\":\"search_term_string\"}}],\"inLanguage\":\"es\"}]}<\/script>\n<!-- \/ Yoast SEO plugin. -->","yoast_head_json":{"title":"Location Autocar avec Chauffeur | TDS Travel","description":"Location d\u2019autocars, bus et minibus avec chauffeur en France et en Europe. Service fiable, flotte moderne et devis rapide pour tous vos trajets.","robots":{"index":"index","follow":"follow","max-snippet":"max-snippet:-1","max-image-preview":"max-image-preview:large","max-video-preview":"max-video-preview:-1"},"canonical":"https:\/\/www.tdstravel.fr\/es\/","og_locale":"es_ES","og_type":"article","og_title":"Location Autocar avec Chauffeur | TDS Travel","og_description":"Location d\u2019autocars, bus et minibus avec chauffeur en France et en Europe. Service fiable, flotte moderne et devis rapide pour tous vos trajets.","og_url":"https:\/\/www.tdstravel.fr\/es\/","og_site_name":"TDS Travel","article_modified_time":"2026-04-01T14:53:18+00:00","twitter_card":"summary_large_image","twitter_misc":{"Tiempo de lectura":"4 minutos"},"schema":{"@context":"https:\/\/schema.org","@graph":[{"@type":"WebPage","@id":"https:\/\/www.tdstravel.fr\/","url":"https:\/\/www.tdstravel.fr\/","name":"Location Autocar avec Chauffeur | TDS Travel","isPartOf":{"@id":"https:\/\/www.tdstravel.fr\/#website"},"datePublished":"2018-03-16T11:45:17+00:00","dateModified":"2026-04-01T14:53:18+00:00","description":"Location d\u2019autocars, bus et minibus avec chauffeur en France et en Europe. Service fiable, flotte moderne et devis rapide pour tous vos trajets.","breadcrumb":{"@id":"https:\/\/www.tdstravel.fr\/#breadcrumb"},"inLanguage":"es","potentialAction":[{"@type":"ReadAction","target":["https:\/\/www.tdstravel.fr\/"]}]},{"@type":"BreadcrumbList","@id":"https:\/\/www.tdstravel.fr\/#breadcrumb","itemListElement":[{"@type":"ListItem","position":1,"name":"Accueil","item":"https:\/\/www.tdstravel.fr\/"},{"@type":"ListItem","position":2,"name":"Accueil"}]},{"@type":"WebSite","@id":"https:\/\/www.tdstravel.fr\/#website","url":"https:\/\/www.tdstravel.fr\/","name":"Viajes TDS","description":"Alquiler de autocares y autobuses en Par\u00eds","potentialAction":[{"@type":"SearchAction","target":{"@type":"EntryPoint","urlTemplate":"https:\/\/www.tdstravel.fr\/?s={search_term_string}"},"query-input":{"@type":"PropertyValueSpecification","valueRequired":true,"valueName":"search_term_string"}}],"inLanguage":"es"}]}},"_links":{"self":[{"href":"https:\/\/www.tdstravel.fr\/es\/wp-json\/wp\/v2\/pages\/10","targetHints":{"allow":["GET"]}}],"collection":[{"href":"https:\/\/www.tdstravel.fr\/es\/wp-json\/wp\/v2\/pages"}],"about":[{"href":"https:\/\/www.tdstravel.fr\/es\/wp-json\/wp\/v2\/types\/page"}],"author":[{"embeddable":true,"href":"https:\/\/www.tdstravel.fr\/es\/wp-json\/wp\/v2\/users\/4"}],"replies":[{"embeddable":true,"href":"https:\/\/www.tdstravel.fr\/es\/wp-json\/wp\/v2\/comments?post=10"}],"version-history":[{"count":164,"href":"https:\/\/www.tdstravel.fr\/es\/wp-json\/wp\/v2\/pages\/10\/revisions"}],"predecessor-version":[{"id":475,"href":"https:\/\/www.tdstravel.fr\/es\/wp-json\/wp\/v2\/pages\/10\/revisions\/475"}],"wp:attachment":[{"href":"https:\/\/www.tdstravel.fr\/es\/wp-json\/wp\/v2\/media?parent=10"}],"curies":[{"name":"wp","href":"https:\/\/api.w.org\/{rel}","templated":true}]}}