{"id":599,"date":"2025-12-15T17:55:17","date_gmt":"2025-12-15T16:55:17","guid":{"rendered":"https:\/\/www.tdstravel.fr\/?page_id=599"},"modified":"2025-12-15T17:58:18","modified_gmt":"2025-12-15T16:58:18","slug":"alquiler-de-minibus-con-conductor","status":"publish","type":"page","link":"https:\/\/www.tdstravel.fr\/es\/alquiler-de-minibus-con-conductor\/","title":{"rendered":"Alquiler de minib\u00fas"},"content":{"rendered":"<h1 class=\"wp-block-heading\">Alquiler de minib\u00fas con conductor para grupos extranjeros<\/h1>\n\n\n\n<p>Viajar en grupo por Francia es una experiencia \u00fanica. Pero para los visitantes extranjeros, orientarse, gestionar el viaje, coordinar horarios y evitar imprevistos puede volverse r\u00e1pidamente complejo. Es precisamente para satisfacer esta necesidad que <strong>Viajes TDS<\/strong> dise\u00f1\u00f3 un servicio a medida <strong>alquiler de minib\u00fas para grupos extranjeros<\/strong>, dise\u00f1ado para viajeros internacionales que deseen descubrir Francia sin restricciones, acompa\u00f1ados por conductores experimentados de habla inglesa.<\/p>\n\n\n\n<p>M\u00e1s que un simple servicio de transporte, TDS Travel es un socio de viajes confiable, atento y orientado a los detalles, que atiende a grupos de todo el mundo, ya sea que est\u00e9n en una visita tur\u00edstica, un viaje de negocios o una estad\u00eda educativa.<\/p>\n\n\n\n<h2 class=\"wp-block-heading\">Una experiencia de viaje dise\u00f1ada para grupos internacionales<\/h2>\n\n\n\n<p>TDS Travel se enorgullece de ofrecer un servicio perfectamente adaptado a sus necesidades. <strong>necesidades espec\u00edficas de los grupos extranjeros<\/strong>Nuestra prioridad: garantizar una experiencia fluida, c\u00f3moda y totalmente personalizada, desde el primer contacto hasta el final de la estancia.<\/p>\n\n\n\n<p>Nuestros equipos biling\u00fces le acompa\u00f1an en cada etapa: planificaci\u00f3n de itinerarios, gesti\u00f3n de horarios, coordinaci\u00f3n log\u00edstica y seguimiento en tiempo real. Ya sea... <strong>recorrido cultural por la Provenza<\/strong>, de un <strong>traslado al aeropuerto en Par\u00eds<\/strong>, de un <strong>viaje escolar internacional<\/strong>, o una <strong>gira corporativa por Europa<\/strong>Dise\u00f1amos soluciones de transporte consistentes, precisas y adaptadas a cada colectivo.<\/p>\n\n\n\n<p>Nuestros conductores, todos <strong>Hablante ingl\u00e9s y capacitado en recepci\u00f3n internacional.<\/strong>Representan la fuerza humana de TDS Travel: puntuales, discretos y receptivos, garantizan un viaje sin contratiempos en un ambiente tranquilo y acogedor. Su perfecto conocimiento de las carreteras francesas y los principales lugares tur\u00edsticos permite a cada pasajero viajar con total tranquilidad.<\/p>\n\n\n\n<h2 class=\"wp-block-heading\">La comodidad ante todo: una flota moderna y respetuosa con el medio ambiente<\/h2>\n\n\n\n<p>Nuestra flota de modernos minibuses y autocares ofrece los m\u00e1s altos est\u00e1ndares de comodidad y seguridad. Cada veh\u00edculo se mantiene meticulosamente y est\u00e1 equipado con asientos reclinables, aire acondicionado, wifi a bordo, puertos USB y un pr\u00e1ctico espacio de almacenamiento: detalles que marcan la diferencia en la carretera.<\/p>\n\n\n\n<p>Con una edad media de s\u00f3lo <strong>dos a\u00f1os y medio<\/strong>Nuestros veh\u00edculos cumplen con el est\u00e1ndar <strong>Euro 6<\/strong>garantizando un impacto ambiental m\u00ednimo. Este compromiso tambi\u00e9n se refleja en acciones concretas: desde 2022, TDS Travel ha contribuido a la <strong>plantaci\u00f3n de m\u00e1s de 1.000 \u00e1rboles<\/strong>, compensando as\u00ed las emisiones de CO\u2082 vinculadas a sus desplazamientos y apoyando la biodiversidad local.<\/p>\n\n\n\n<p>Elegir TDS Travel significa optar por un transporte responsable, elegante y que cumpla con las expectativas de los viajeros internacionales.<\/p>\n\n\n\n<figure class=\"wp-block-gallery has-nested-images columns-default is-cropped wp-block-gallery-1 is-layout-flex wp-block-gallery-is-layout-flex\">\n<figure class=\"wp-block-image size-large\"><img loading=\"lazy\" decoding=\"async\" width=\"1024\" height=\"1024\" data-id=\"572\" src=\"https:\/\/www.tdstravel.fr\/wp-content\/uploads\/2025\/05\/A01-1024x1024.jpeg\" alt=\"\" class=\"wp-image-572\" srcset=\"https:\/\/www.tdstravel.fr\/wp-content\/uploads\/2025\/05\/A01-1024x1024.jpeg 1024w, https:\/\/www.tdstravel.fr\/wp-content\/uploads\/2025\/05\/A01-300x300.jpeg 300w, https:\/\/www.tdstravel.fr\/wp-content\/uploads\/2025\/05\/A01-150x150.jpeg 150w, https:\/\/www.tdstravel.fr\/wp-content\/uploads\/2025\/05\/A01-768x768.jpeg 768w, https:\/\/www.tdstravel.fr\/wp-content\/uploads\/2025\/05\/A01-12x12.jpeg 12w, https:\/\/www.tdstravel.fr\/wp-content\/uploads\/2025\/05\/A01-60x60.jpeg 60w, https:\/\/www.tdstravel.fr\/wp-content\/uploads\/2025\/05\/A01.jpeg 1440w\" sizes=\"auto, (max-width: 1024px) 100vw, 1024px\" \/><\/figure>\n\n\n\n<figure class=\"wp-block-image size-full\"><img loading=\"lazy\" decoding=\"async\" width=\"2560\" height=\"1920\" data-id=\"600\" src=\"https:\/\/www.tdstravel.fr\/wp-content\/uploads\/2025\/12\/minibus-VIP-scaled.jpeg\" alt=\"\" class=\"wp-image-600\" srcset=\"https:\/\/www.tdstravel.fr\/wp-content\/uploads\/2025\/12\/minibus-VIP-scaled.jpeg 2560w, https:\/\/www.tdstravel.fr\/wp-content\/uploads\/2025\/12\/minibus-VIP-300x225.jpeg 300w, https:\/\/www.tdstravel.fr\/wp-content\/uploads\/2025\/12\/minibus-VIP-1024x768.jpeg 1024w, https:\/\/www.tdstravel.fr\/wp-content\/uploads\/2025\/12\/minibus-VIP-768x576.jpeg 768w, https:\/\/www.tdstravel.fr\/wp-content\/uploads\/2025\/12\/minibus-VIP-1536x1152.jpeg 1536w, https:\/\/www.tdstravel.fr\/wp-content\/uploads\/2025\/12\/minibus-VIP-2048x1536.jpeg 2048w, https:\/\/www.tdstravel.fr\/wp-content\/uploads\/2025\/12\/minibus-VIP-16x12.jpeg 16w\" sizes=\"auto, (max-width: 2560px) 100vw, 2560px\" \/><\/figure>\n\n\n\n<figure class=\"wp-block-image size-large\"><img loading=\"lazy\" decoding=\"async\" width=\"800\" height=\"622\" data-id=\"573\" src=\"https:\/\/www.tdstravel.fr\/wp-content\/uploads\/2025\/05\/car-18-places-paysage.jpg\" alt=\"\" class=\"wp-image-573\" srcset=\"https:\/\/www.tdstravel.fr\/wp-content\/uploads\/2025\/05\/car-18-places-paysage.jpg 800w, https:\/\/www.tdstravel.fr\/wp-content\/uploads\/2025\/05\/car-18-places-paysage-300x233.jpg 300w, https:\/\/www.tdstravel.fr\/wp-content\/uploads\/2025\/05\/car-18-places-paysage-768x597.jpg 768w, https:\/\/www.tdstravel.fr\/wp-content\/uploads\/2025\/05\/car-18-places-paysage-15x12.jpg 15w\" sizes=\"auto, (max-width: 800px) 100vw, 800px\" \/><\/figure>\n<\/figure>\n\n\n\n<h2 class=\"wp-block-heading\">Itinerarios flexibles y personalizados para descubrir Francia de una manera diferente<\/h2>\n\n\n\n<p>Cada grupo es \u00fanico y cada viaje merece un enfoque personalizado. Nuestro servicio <strong>alquiler de minib\u00fas para grupos extranjeros<\/strong> Le permite crear un itinerario que refleje su estilo, ya sea un grupo de amigos que desean explorar la Riviera francesa, una universidad estadounidense en una visita cultural a Par\u00eds o una empresa internacional que organiza un seminario en el sur de Francia.<\/p>\n\n\n\n<p>Desde nuestras bases en <strong>Par\u00eds, Toulouse y Niza<\/strong>Servimos todo el territorio:<\/p>\n\n\n\n<ul class=\"wp-block-list\">\n<li><strong>Par\u00eds y \u00cele-de-France<\/strong>, para traslados al aeropuerto (CDG, Orly), visitas a monumentos y excursiones a Versalles o Disneyland.<\/li>\n\n\n\n<li><strong>Provenza y la Riviera Francesa<\/strong>, entre campos de lavanda, mar y sol: Niza, Cannes, M\u00f3naco o Avi\u00f1\u00f3n.<\/li>\n\n\n\n<li><strong>El suroeste<\/strong>, junto con Toulouse, Burdeos y sus vi\u00f1edos.<\/li>\n\n\n\n<li><strong>El valle del Loira, Normand\u00eda o los Alpes<\/strong>, para recorridos culturales e hist\u00f3ricos.<\/li>\n<\/ul>\n\n\n\n<p>Y si su proyecto se extiende m\u00e1s all\u00e1 de las fronteras francesas, tambi\u00e9n organizamos... <strong>viajes a Espa\u00f1a, Suiza, Italia o B\u00e9lgica<\/strong>Siempre con la misma exigencia de puntualidad y calidad.<\/p>\n\n\n\n<h2 class=\"wp-block-heading\">\u00bfPor qu\u00e9 los grupos extranjeros eligen TDS Travel?<\/h2>\n\n\n\n<p>Los grupos internacionales que conf\u00edan en TDS Travel buscan principalmente: <strong>confiabilidad, comodidad y tranquilidad<\/strong>.<br>Nuestros clientes valoran nuestra capacidad de comprender las expectativas de los viajeros internacionales, anticipar sus necesidades y ofrecer un servicio donde <strong>Nada se deja al azar<\/strong>.<\/p>\n\n\n\n<p>La excelencia de TDS se basa en tres pilares:<\/p>\n\n\n\n<ul class=\"wp-block-list\">\n<li><strong>Experiencia log\u00edstica comprobada<\/strong>, fruto de m\u00e1s de 14 a\u00f1os de experiencia en el transporte de grupos en Francia y Europa.<\/li>\n\n\n\n<li><strong>Comunicaci\u00f3n fluida<\/strong>, garantizado por un equipo de habla inglesa en cada etapa del proyecto.<\/li>\n<\/ul>\n\n\n\n<p><strong>Una experiencia de viaje personalizada y humana<\/strong>donde cada detalle cuenta: desde la puntualidad del conductor hasta la temperatura del veh\u00edculo.<\/p>\n\n\n\n<h2 class=\"wp-block-heading\">Conclusi\u00f3n: Descubra Francia con TDS Travel, su socio de confianza<\/h2>\n\n\n\n<p>Elija TDS Travel para su <strong>alquiler de minib\u00fas para grupos extranjeros<\/strong>Es elegir la serenidad.<br>Esto garantiza un transporte profesional, un servicio personalizado y una experiencia de viaje fluida, c\u00f3moda e inspiradora. Nuestros conductores angloparlantes, nuestra flota moderna y nuestro enfoque personalizado hacen de cada viaje una experiencia placentera, segura y perfectamente organizada.<\/p>\n\n\n\n<p><strong><a href=\"https:\/\/www.tdstravel.fr\/es\/contacto\/\">Solicite hoy su cotizaci\u00f3n personalizada<\/a><\/strong> y perm\u00edtanos hacer de su viaje en grupo por Francia una experiencia inolvidable.<\/p>","protected":false},"excerpt":{"rendered":"<p>Location de minibus avec chauffeur pour groupe \u00e9tranger Voyager en groupe \u00e0 travers la France est une exp\u00e9rience unique. Mais pour les&#8230;<\/p>","protected":false},"author":4,"featured_media":573,"parent":0,"menu_order":0,"comment_status":"closed","ping_status":"closed","template":"","meta":{"footnotes":""},"class_list":["post-599","page","type-page","status-publish","has-post-thumbnail","hentry"],"yoast_head":"<!-- This site is optimized with the Yoast SEO plugin v27.3 - https:\/\/yoast.com\/product\/yoast-seo-wordpress\/ -->\n<title>Location de minibus avec chauffeur pour groupes \u00e9trangers - TDS Travel<\/title>\n<meta name=\"description\" content=\"Location de minibus avec chauffeur anglophone pour groupes \u00e9trangers en France. Transport sur mesure, confort, s\u00e9curit\u00e9 et itin\u00e9raires personnalis\u00e9s avec TDS Travel.\" \/>\n<meta name=\"robots\" content=\"index, follow, max-snippet:-1, max-image-preview:large, max-video-preview:-1\" \/>\n<link rel=\"canonical\" href=\"https:\/\/www.tdstravel.fr\/es\/alquiler-de-minibus-con-conductor\/\" \/>\n<meta property=\"og:locale\" content=\"es_ES\" \/>\n<meta property=\"og:type\" content=\"article\" \/>\n<meta property=\"og:title\" content=\"Location de minibus avec chauffeur pour groupes \u00e9trangers - TDS Travel\" \/>\n<meta property=\"og:description\" content=\"Location de minibus avec chauffeur anglophone pour groupes \u00e9trangers en France. Transport sur mesure, confort, s\u00e9curit\u00e9 et itin\u00e9raires personnalis\u00e9s avec TDS Travel.\" \/>\n<meta property=\"og:url\" content=\"https:\/\/www.tdstravel.fr\/es\/alquiler-de-minibus-con-conductor\/\" \/>\n<meta property=\"og:site_name\" content=\"TDS Travel\" \/>\n<meta property=\"article:modified_time\" content=\"2025-12-15T16:58:18+00:00\" \/>\n<meta property=\"og:image\" content=\"https:\/\/www.tdstravel.fr\/wp-content\/uploads\/2025\/05\/car-18-places-paysage.jpg\" \/>\n\t<meta property=\"og:image:width\" content=\"800\" \/>\n\t<meta property=\"og:image:height\" content=\"622\" \/>\n\t<meta property=\"og:image:type\" content=\"image\/jpeg\" \/>\n<meta name=\"twitter:card\" content=\"summary_large_image\" \/>\n<meta name=\"twitter:label1\" content=\"Tiempo de lectura\" \/>\n\t<meta name=\"twitter:data1\" content=\"5 minutos\" \/>\n<script type=\"application\/ld+json\" class=\"yoast-schema-graph\">{\"@context\":\"https:\\\/\\\/schema.org\",\"@graph\":[{\"@type\":\"WebPage\",\"@id\":\"https:\\\/\\\/www.tdstravel.fr\\\/location-minibus-avec-chauffeur\\\/\",\"url\":\"https:\\\/\\\/www.tdstravel.fr\\\/location-minibus-avec-chauffeur\\\/\",\"name\":\"Location de minibus avec chauffeur pour groupes \u00e9trangers - TDS Travel\",\"isPartOf\":{\"@id\":\"https:\\\/\\\/www.tdstravel.fr\\\/#website\"},\"primaryImageOfPage\":{\"@id\":\"https:\\\/\\\/www.tdstravel.fr\\\/location-minibus-avec-chauffeur\\\/#primaryimage\"},\"image\":{\"@id\":\"https:\\\/\\\/www.tdstravel.fr\\\/location-minibus-avec-chauffeur\\\/#primaryimage\"},\"thumbnailUrl\":\"https:\\\/\\\/www.tdstravel.fr\\\/wp-content\\\/uploads\\\/2025\\\/05\\\/car-18-places-paysage.jpg\",\"datePublished\":\"2025-12-15T16:55:17+00:00\",\"dateModified\":\"2025-12-15T16:58:18+00:00\",\"description\":\"Location de minibus avec chauffeur anglophone pour groupes \u00e9trangers en France. Transport sur mesure, confort, s\u00e9curit\u00e9 et itin\u00e9raires personnalis\u00e9s avec TDS Travel.\",\"breadcrumb\":{\"@id\":\"https:\\\/\\\/www.tdstravel.fr\\\/location-minibus-avec-chauffeur\\\/#breadcrumb\"},\"inLanguage\":\"es\",\"potentialAction\":[{\"@type\":\"ReadAction\",\"target\":[\"https:\\\/\\\/www.tdstravel.fr\\\/location-minibus-avec-chauffeur\\\/\"]}]},{\"@type\":\"ImageObject\",\"inLanguage\":\"es\",\"@id\":\"https:\\\/\\\/www.tdstravel.fr\\\/location-minibus-avec-chauffeur\\\/#primaryimage\",\"url\":\"https:\\\/\\\/www.tdstravel.fr\\\/wp-content\\\/uploads\\\/2025\\\/05\\\/car-18-places-paysage.jpg\",\"contentUrl\":\"https:\\\/\\\/www.tdstravel.fr\\\/wp-content\\\/uploads\\\/2025\\\/05\\\/car-18-places-paysage.jpg\",\"width\":800,\"height\":622,\"caption\":\"Minibus Vip\"},{\"@type\":\"BreadcrumbList\",\"@id\":\"https:\\\/\\\/www.tdstravel.fr\\\/location-minibus-avec-chauffeur\\\/#breadcrumb\",\"itemListElement\":[{\"@type\":\"ListItem\",\"position\":1,\"name\":\"Accueil\",\"item\":\"https:\\\/\\\/www.tdstravel.fr\\\/\"},{\"@type\":\"ListItem\",\"position\":2,\"name\":\"Location de minibus\"}]},{\"@type\":\"WebSite\",\"@id\":\"https:\\\/\\\/www.tdstravel.fr\\\/#website\",\"url\":\"https:\\\/\\\/www.tdstravel.fr\\\/\",\"name\":\"TDS Travel\",\"description\":\"Location d&#039;autocars et de bus \u00e0 Paris\",\"potentialAction\":[{\"@type\":\"SearchAction\",\"target\":{\"@type\":\"EntryPoint\",\"urlTemplate\":\"https:\\\/\\\/www.tdstravel.fr\\\/?s={search_term_string}\"},\"query-input\":{\"@type\":\"PropertyValueSpecification\",\"valueRequired\":true,\"valueName\":\"search_term_string\"}}],\"inLanguage\":\"es\"}]}<\/script>\n<!-- \/ Yoast SEO plugin. -->","yoast_head_json":{"title":"Alquiler de minib\u00fas con conductor para grupos extranjeros - TDS Travel","description":"Alquiler de minib\u00fas con conductor angloparlante para grupos extranjeros en Francia. Transporte a medida, comodidad, seguridad e itinerarios personalizados con TDS Travel.","robots":{"index":"index","follow":"follow","max-snippet":"max-snippet:-1","max-image-preview":"max-image-preview:large","max-video-preview":"max-video-preview:-1"},"canonical":"https:\/\/www.tdstravel.fr\/es\/alquiler-de-minibus-con-conductor\/","og_locale":"es_ES","og_type":"article","og_title":"Location de minibus avec chauffeur pour groupes \u00e9trangers - TDS Travel","og_description":"Location de minibus avec chauffeur anglophone pour groupes \u00e9trangers en France. Transport sur mesure, confort, s\u00e9curit\u00e9 et itin\u00e9raires personnalis\u00e9s avec TDS Travel.","og_url":"https:\/\/www.tdstravel.fr\/es\/alquiler-de-minibus-con-conductor\/","og_site_name":"TDS Travel","article_modified_time":"2025-12-15T16:58:18+00:00","og_image":[{"width":800,"height":622,"url":"https:\/\/www.tdstravel.fr\/wp-content\/uploads\/2025\/05\/car-18-places-paysage.jpg","type":"image\/jpeg"}],"twitter_card":"summary_large_image","twitter_misc":{"Tiempo de lectura":"5 minutos"},"schema":{"@context":"https:\/\/schema.org","@graph":[{"@type":"WebPage","@id":"https:\/\/www.tdstravel.fr\/location-minibus-avec-chauffeur\/","url":"https:\/\/www.tdstravel.fr\/location-minibus-avec-chauffeur\/","name":"Alquiler de minib\u00fas con conductor para grupos extranjeros - TDS Travel","isPartOf":{"@id":"https:\/\/www.tdstravel.fr\/#website"},"primaryImageOfPage":{"@id":"https:\/\/www.tdstravel.fr\/location-minibus-avec-chauffeur\/#primaryimage"},"image":{"@id":"https:\/\/www.tdstravel.fr\/location-minibus-avec-chauffeur\/#primaryimage"},"thumbnailUrl":"https:\/\/www.tdstravel.fr\/wp-content\/uploads\/2025\/05\/car-18-places-paysage.jpg","datePublished":"2025-12-15T16:55:17+00:00","dateModified":"2025-12-15T16:58:18+00:00","description":"Alquiler de minib\u00fas con conductor angloparlante para grupos extranjeros en Francia. Transporte a medida, comodidad, seguridad e itinerarios personalizados con TDS Travel.","breadcrumb":{"@id":"https:\/\/www.tdstravel.fr\/location-minibus-avec-chauffeur\/#breadcrumb"},"inLanguage":"es","potentialAction":[{"@type":"ReadAction","target":["https:\/\/www.tdstravel.fr\/location-minibus-avec-chauffeur\/"]}]},{"@type":"ImageObject","inLanguage":"es","@id":"https:\/\/www.tdstravel.fr\/location-minibus-avec-chauffeur\/#primaryimage","url":"https:\/\/www.tdstravel.fr\/wp-content\/uploads\/2025\/05\/car-18-places-paysage.jpg","contentUrl":"https:\/\/www.tdstravel.fr\/wp-content\/uploads\/2025\/05\/car-18-places-paysage.jpg","width":800,"height":622,"caption":"Minibus Vip"},{"@type":"BreadcrumbList","@id":"https:\/\/www.tdstravel.fr\/location-minibus-avec-chauffeur\/#breadcrumb","itemListElement":[{"@type":"ListItem","position":1,"name":"Accueil","item":"https:\/\/www.tdstravel.fr\/"},{"@type":"ListItem","position":2,"name":"Location de minibus"}]},{"@type":"WebSite","@id":"https:\/\/www.tdstravel.fr\/#website","url":"https:\/\/www.tdstravel.fr\/","name":"Viajes TDS","description":"Alquiler de autocares y autobuses en Par\u00eds","potentialAction":[{"@type":"SearchAction","target":{"@type":"EntryPoint","urlTemplate":"https:\/\/www.tdstravel.fr\/?s={search_term_string}"},"query-input":{"@type":"PropertyValueSpecification","valueRequired":true,"valueName":"search_term_string"}}],"inLanguage":"es"}]}},"_links":{"self":[{"href":"https:\/\/www.tdstravel.fr\/es\/wp-json\/wp\/v2\/pages\/599","targetHints":{"allow":["GET"]}}],"collection":[{"href":"https:\/\/www.tdstravel.fr\/es\/wp-json\/wp\/v2\/pages"}],"about":[{"href":"https:\/\/www.tdstravel.fr\/es\/wp-json\/wp\/v2\/types\/page"}],"author":[{"embeddable":true,"href":"https:\/\/www.tdstravel.fr\/es\/wp-json\/wp\/v2\/users\/4"}],"replies":[{"embeddable":true,"href":"https:\/\/www.tdstravel.fr\/es\/wp-json\/wp\/v2\/comments?post=599"}],"version-history":[{"count":3,"href":"https:\/\/www.tdstravel.fr\/es\/wp-json\/wp\/v2\/pages\/599\/revisions"}],"predecessor-version":[{"id":605,"href":"https:\/\/www.tdstravel.fr\/es\/wp-json\/wp\/v2\/pages\/599\/revisions\/605"}],"wp:featuredmedia":[{"embeddable":true,"href":"https:\/\/www.tdstravel.fr\/es\/wp-json\/wp\/v2\/media\/573"}],"wp:attachment":[{"href":"https:\/\/www.tdstravel.fr\/es\/wp-json\/wp\/v2\/media?parent=599"}],"curies":[{"name":"wp","href":"https:\/\/api.w.org\/{rel}","templated":true}]}}