{"id":599,"date":"2025-12-15T17:55:17","date_gmt":"2025-12-15T16:55:17","guid":{"rendered":"https:\/\/www.tdstravel.fr\/?page_id=599"},"modified":"2025-12-15T17:58:18","modified_gmt":"2025-12-15T16:58:18","slug":"\u5e26\u53f8\u673a\u7684\u5c0f\u578b\u5df4\u58eb\u79df\u8d41","status":"publish","type":"page","link":"https:\/\/www.tdstravel.fr\/zh\/\u5e26\u53f8\u673a\u7684\u5c0f\u578b\u5df4\u58eb\u79df\u8d41\/","title":{"rendered":"\u5c0f\u5df4\u79df\u8d41"},"content":{"rendered":"<h1 class=\"wp-block-heading\">\u4e3a\u5916\u56fd\u56e2\u4f53\u63d0\u4f9b\u5e26\u53f8\u673a\u7684\u8ff7\u4f60\u5df4\u58eb\u79df\u8d41\u670d\u52a1<\/h1>\n\n\n\n<p>\u5728\u6cd5\u56fd\u7ed3\u4f34\u65c5\u884c\u662f\u4e00\u79cd\u72ec\u7279\u7684\u4f53\u9a8c\u3002\u4f46\u5bf9\u4e8e\u5916\u56fd\u6e38\u5ba2\u6765\u8bf4\uff0c\u627e\u5230\u65b9\u5411\u3001\u5b89\u6392\u884c\u7a0b\u3001\u534f\u8c03\u65f6\u95f4\u4ee5\u53ca\u907f\u514d\u610f\u5916\u60c5\u51b5\u5f88\u5feb\u5c31\u4f1a\u53d8\u5f97\u590d\u6742\u3002\u6b63\u662f\u4e3a\u4e86\u6ee1\u8db3\u8fd9\u4e00\u9700\u6c42\u2026\u2026 <strong>TDS\u65c5\u6e38<\/strong> \u8bbe\u8ba1\u4e86\u4e00\u9879\u91cf\u8eab\u5b9a\u5236\u7684\u670d\u52a1 <strong>\u5916\u56fd\u56e2\u4f53\u5c0f\u5df4\u79df\u8d41<\/strong>\u4e13\u4e3a\u5e0c\u671b\u4e0d\u53d7\u9650\u5236\u5730\u63a2\u7d22\u6cd5\u56fd\u7684\u56fd\u9645\u65c5\u884c\u8005\u800c\u8bbe\u8ba1\uff0c\u5e76\u7531\u7ecf\u9a8c\u4e30\u5bcc\u7684\u82f1\u8bed\u53f8\u673a\u966a\u540c\u3002<\/p>\n\n\n\n<p>TDS Travel \u4e0d\u4ec5\u4ec5\u662f\u4e00\u5bb6\u8fd0\u8f93\u670d\u52a1\u516c\u53f8\uff0c\u66f4\u662f\u4e00\u5bb6\u53ef\u9760\u3001\u7ec6\u81f4\u5468\u5230\u3001\u6ce8\u91cd\u7ec6\u8282\u7684\u65c5\u884c\u5408\u4f5c\u4f19\u4f34\uff0c\u4e3a\u6765\u81ea\u4e16\u754c\u5404\u5730\u7684\u56e2\u4f53\u63d0\u4f9b\u670d\u52a1\u2014\u2014\u65e0\u8bba\u4ed6\u4eec\u662f\u65c5\u6e38\u3001\u5546\u52a1\u65c5\u884c\u8fd8\u662f\u6559\u80b2\u8bbf\u95ee\u3002<\/p>\n\n\n\n<h2 class=\"wp-block-heading\">\u4e13\u4e3a\u56fd\u9645\u56e2\u4f53\u8bbe\u8ba1\u7684\u65c5\u884c\u4f53\u9a8c<\/h2>\n\n\n\n<p>TDS Travel \u4ee5\u63d0\u4f9b\u5b8c\u7f8e\u5b9a\u5236\u7684\u670d\u52a1\u800c\u81ea\u8c6a <strong>\u5916\u56fd\u56e2\u4f53\u7684\u5177\u4f53\u9700\u6c42<\/strong>\u6211\u4eec\u7684\u9996\u8981\u4efb\u52a1\uff1a\u4ece\u60a8\u4e0e\u6211\u4eec\u8054\u7cfb\u7684\u90a3\u4e00\u523b\u8d77\uff0c\u76f4\u81f3\u60a8\u79bb\u5f00\uff0c\u4e3a\u60a8\u63d0\u4f9b\u6d41\u7545\u3001\u8212\u9002\u4e14\u5b8c\u5168\u4e2a\u6027\u5316\u7684\u4f53\u9a8c\u3002<\/p>\n\n\n\n<p>\u6211\u4eec\u7684\u53cc\u8bed\u56e2\u961f\u5c06\u5728\u6bcf\u4e2a\u9636\u6bb5\u4e3a\u60a8\u63d0\u4f9b\u652f\u6301\uff1a\u884c\u7a0b\u89c4\u5212\u3001\u65f6\u95f4\u7ba1\u7406\u3001\u540e\u52e4\u534f\u8c03\u548c\u5b9e\u65f6\u76d1\u63a7\u3002\u65e0\u8bba\u662f\u4ec0\u4e48 <strong>\u666e\u7f57\u65fa\u65af\u6587\u5316\u4e4b\u65c5<\/strong>\u7684 <strong>\u5df4\u9ece\u673a\u573a\u63a5\u9001<\/strong>\u7684 <strong>\u56fd\u9645\u5b66\u6821\u65c5\u884c<\/strong>\u6216\u8005 <strong>\u6b27\u6d32\u4f01\u4e1a\u8003\u5bdf<\/strong>\u6211\u4eec\u4e3a\u6bcf\u4e2a\u7fa4\u4f53\u91cf\u8eab\u5b9a\u5236\u4e00\u81f4\u3001\u7cbe\u51c6\u7684\u8fd0\u8f93\u89e3\u51b3\u65b9\u6848\u3002<\/p>\n\n\n\n<p>\u6211\u4eec\u7684\u53f8\u673a\uff0c\u5168\u90e8 <strong>\u82f1\u8bed\u6d41\u5229\uff0c\u5e76\u63a5\u53d7\u8fc7\u56fd\u9645\u63a5\u5f85\u57f9\u8bad<\/strong>\u4ed6\u4eec\u4ee3\u8868\u4e86TDS Travel\u7684\u4eba\u529b\u4f18\u52bf\uff1a\u51c6\u65f6\u3001\u8c28\u614e\u3001\u54cd\u5e94\u8fc5\u901f\uff0c\u786e\u4fdd\u5728\u4ee4\u4eba\u5b89\u5fc3\u53cb\u597d\u7684\u73af\u5883\u4e2d\u4eab\u53d7\u987a\u7545\u7684\u65c5\u7a0b\u3002\u4ed6\u4eec\u5bf9\u6cd5\u56fd\u9053\u8def\u548c\u4e3b\u8981\u65c5\u6e38\u666f\u70b9\u4e86\u5982\u6307\u638c\uff0c\u8ba9\u6bcf\u4f4d\u4e58\u5ba2\u90fd\u80fd\u5b89\u5fc3\u51fa\u884c\u3002<\/p>\n\n\n\n<h2 class=\"wp-block-heading\">\u8212\u9002\u81f3\u4e0a\uff1a\u73b0\u4ee3\u5316\u4e14\u73af\u4fdd\u7684\u673a\u961f<\/h2>\n\n\n\n<p>\u6211\u4eec\u73b0\u4ee3\u5316\u7684\u8ff7\u4f60\u5df4\u58eb\u548c\u957f\u9014\u5ba2\u8f66\u8f66\u961f\u4f53\u73b0\u4e86\u6700\u9ad8\u6807\u51c6\u7684\u8212\u9002\u6027\u548c\u5b89\u5168\u6027\u3002\u6bcf\u8f86\u8f66\u90fd\u7ecf\u8fc7\u7cbe\u5fc3\u7ef4\u62a4\uff0c\u914d\u5907\u53ef\u8c03\u8282\u5ea7\u6905\u3001\u7a7a\u8c03\u3001\u8f66\u8f7dWi-Fi\u3001USB\u63a5\u53e3\u548c\u4fbf\u6377\u7684\u50a8\u7269\u7a7a\u95f4\u2014\u2014\u8fd9\u4e9b\u7ec6\u8282\u5728\u65c5\u9014\u4e2d\u81f3\u5173\u91cd\u8981\u3002<\/p>\n\n\n\n<p>\u5e73\u5747\u5e74\u9f84\u4ec5\u4e3a <strong>\u4e24\u5e74\u534a<\/strong>\u6211\u4eec\u7684\u8f66\u8f86\u7b26\u5408\u6807\u51c6 <strong>\u6b27\u5143 6<\/strong>\u786e\u4fdd\u5bf9\u73af\u5883\u7684\u5f71\u54cd\u964d\u81f3\u6700\u4f4e\u3002\u8fd9\u4e00\u627f\u8bfa\u4e5f\u4f53\u73b0\u5728\u5177\u4f53\u7684\u884c\u52a8\u4e2d\uff1a\u81ea 2022 \u5e74\u4ee5\u6765\uff0cTDS Travel \u4e00\u76f4\u81f4\u529b\u4e8e\u2026\u2026 <strong>\u79cd\u690d\u4e861000\u591a\u68f5\u6811<\/strong>\u4ece\u800c\u62b5\u6d88\u5176\u65c5\u7a0b\u4e2d\u4ea7\u751f\u7684\u4e8c\u6c27\u5316\u78b3\u6392\u653e\uff0c\u5e76\u652f\u6301\u5f53\u5730\u751f\u7269\u591a\u6837\u6027\u3002<\/p>\n\n\n\n<p>\u9009\u62e9 TDS Travel \u610f\u5473\u7740\u9009\u62e9\u8d1f\u8d23\u4efb\u3001\u4f18\u96c5\u7684\u4ea4\u901a\u65b9\u5f0f\uff0c\u6ee1\u8db3\u56fd\u9645\u65c5\u5ba2\u7684\u671f\u671b\u3002<\/p>\n\n\n\n<figure class=\"wp-block-gallery has-nested-images columns-default is-cropped wp-block-gallery-1 is-layout-flex wp-block-gallery-is-layout-flex\">\n<figure class=\"wp-block-image size-large\"><img loading=\"lazy\" decoding=\"async\" width=\"1024\" height=\"1024\" data-id=\"572\" src=\"https:\/\/www.tdstravel.fr\/wp-content\/uploads\/2025\/05\/A01-1024x1024.jpeg\" alt=\"\" class=\"wp-image-572\" srcset=\"https:\/\/www.tdstravel.fr\/wp-content\/uploads\/2025\/05\/A01-1024x1024.jpeg 1024w, https:\/\/www.tdstravel.fr\/wp-content\/uploads\/2025\/05\/A01-300x300.jpeg 300w, https:\/\/www.tdstravel.fr\/wp-content\/uploads\/2025\/05\/A01-150x150.jpeg 150w, https:\/\/www.tdstravel.fr\/wp-content\/uploads\/2025\/05\/A01-768x768.jpeg 768w, https:\/\/www.tdstravel.fr\/wp-content\/uploads\/2025\/05\/A01-12x12.jpeg 12w, https:\/\/www.tdstravel.fr\/wp-content\/uploads\/2025\/05\/A01-60x60.jpeg 60w, https:\/\/www.tdstravel.fr\/wp-content\/uploads\/2025\/05\/A01.jpeg 1440w\" sizes=\"auto, (max-width: 1024px) 100vw, 1024px\" \/><\/figure>\n\n\n\n<figure class=\"wp-block-image size-full\"><img loading=\"lazy\" decoding=\"async\" width=\"2560\" height=\"1920\" data-id=\"600\" src=\"https:\/\/www.tdstravel.fr\/wp-content\/uploads\/2025\/12\/minibus-VIP-scaled.jpeg\" alt=\"\" class=\"wp-image-600\" srcset=\"https:\/\/www.tdstravel.fr\/wp-content\/uploads\/2025\/12\/minibus-VIP-scaled.jpeg 2560w, https:\/\/www.tdstravel.fr\/wp-content\/uploads\/2025\/12\/minibus-VIP-300x225.jpeg 300w, https:\/\/www.tdstravel.fr\/wp-content\/uploads\/2025\/12\/minibus-VIP-1024x768.jpeg 1024w, https:\/\/www.tdstravel.fr\/wp-content\/uploads\/2025\/12\/minibus-VIP-768x576.jpeg 768w, https:\/\/www.tdstravel.fr\/wp-content\/uploads\/2025\/12\/minibus-VIP-1536x1152.jpeg 1536w, https:\/\/www.tdstravel.fr\/wp-content\/uploads\/2025\/12\/minibus-VIP-2048x1536.jpeg 2048w, https:\/\/www.tdstravel.fr\/wp-content\/uploads\/2025\/12\/minibus-VIP-16x12.jpeg 16w\" sizes=\"auto, (max-width: 2560px) 100vw, 2560px\" \/><\/figure>\n\n\n\n<figure class=\"wp-block-image size-large\"><img loading=\"lazy\" decoding=\"async\" width=\"800\" height=\"622\" data-id=\"573\" src=\"https:\/\/www.tdstravel.fr\/wp-content\/uploads\/2025\/05\/car-18-places-paysage.jpg\" alt=\"\" class=\"wp-image-573\" srcset=\"https:\/\/www.tdstravel.fr\/wp-content\/uploads\/2025\/05\/car-18-places-paysage.jpg 800w, https:\/\/www.tdstravel.fr\/wp-content\/uploads\/2025\/05\/car-18-places-paysage-300x233.jpg 300w, https:\/\/www.tdstravel.fr\/wp-content\/uploads\/2025\/05\/car-18-places-paysage-768x597.jpg 768w, https:\/\/www.tdstravel.fr\/wp-content\/uploads\/2025\/05\/car-18-places-paysage-15x12.jpg 15w\" sizes=\"auto, (max-width: 800px) 100vw, 800px\" \/><\/figure>\n<\/figure>\n\n\n\n<h2 class=\"wp-block-heading\">\u7075\u6d3b\u4e14\u4e2a\u6027\u5316\u7684\u884c\u7a0b\uff0c\u5e26\u60a8\u4ee5\u4e0d\u540c\u7684\u65b9\u5f0f\u63a2\u7d22\u6cd5\u56fd<\/h2>\n\n\n\n<p>\u6bcf\u4e2a\u56e2\u961f\u90fd\u662f\u72ec\u4e00\u65e0\u4e8c\u7684\uff0c\u6bcf\u6b21\u65c5\u884c\u90fd\u5e94\u8be5\u91cf\u8eab\u5b9a\u5236\u65b9\u6848\u3002\u6211\u4eec\u7684\u670d\u52a1 <strong>\u5916\u56fd\u56e2\u4f53\u5c0f\u5df4\u79df\u8d41<\/strong> \u65e0\u8bba\u4f60\u662f\u60f3\u63a2\u7d22\u6cd5\u56fd\u91cc\u7ef4\u57c3\u62c9\u7684\u4e00\u7fa4\u670b\u53cb\uff0c\u8fd8\u662f\u53bb\u5df4\u9ece\u8fdb\u884c\u6587\u5316\u8bbf\u95ee\u7684\u7f8e\u56fd\u5927\u5b66\uff0c\u4ea6\u6216\u662f\u7ec4\u7ec7\u5728\u6cd5\u56fd\u5357\u90e8\u4e3e\u529e\u7814\u8ba8\u4f1a\u7684\u56fd\u9645\u516c\u53f8\uff0c\u5b83\u90fd\u80fd\u8ba9\u4f60\u6253\u9020\u7b26\u5408\u4f60\u98ce\u683c\u7684\u884c\u7a0b\u3002<\/p>\n\n\n\n<p>\u4ece\u6211\u4eec\u7684\u57fa\u5730\u51fa\u53d1 <strong>\u5df4\u9ece\u3001\u56fe\u5362\u5179\u548c\u5c3c\u65af<\/strong>\u6211\u4eec\u7684\u670d\u52a1\u8303\u56f4\u8986\u76d6\u6574\u4e2a\u5730\u533a\uff1a<\/p>\n\n\n\n<ul class=\"wp-block-list\">\n<li><strong>\u5df4\u9ece\u548c\u6cd5\u5170\u897f\u5c9b<\/strong>\u63d0\u4f9b\u673a\u573a\u63a5\u9001\uff08\u6234\u9ad8\u4e50\u673a\u573a\u3001\u5965\u5229\u673a\u573a\uff09\u3001\u53c2\u89c2\u540d\u80dc\u53e4\u8ff9\u4ee5\u53ca\u524d\u5f80\u51e1\u5c14\u8d5b\u5bab\u6216\u8fea\u58eb\u5c3c\u4e50\u56ed\u7684\u77ed\u9014\u65c5\u884c\u670d\u52a1\u3002<\/li>\n\n\n\n<li><strong>\u666e\u7f57\u65fa\u65af\u548c\u6cd5\u56fd\u91cc\u7ef4\u57c3\u62c9<\/strong>\u5728\u85b0\u8863\u8349\u7530\u3001\u5927\u6d77\u548c\u9633\u5149\u4e4b\u95f4\u2014\u2014\u5c3c\u65af\u3001\u621b\u7eb3\u3001\u6469\u7eb3\u54e5\u6216\u963f\u7ef4\u5c3c\u7fc1\u3002<\/li>\n\n\n\n<li><strong>\u897f\u5357\u5730\u533a<\/strong>\u8fd8\u6709\u56fe\u5362\u5179\u3001\u6ce2\u5c14\u591a\u53ca\u5176\u8461\u8404\u56ed\u3002<\/li>\n\n\n\n<li><strong>\u5362\u74e6\u5c14\u6cb3\u8c37\u3001\u8bfa\u66fc\u5e95\u6216\u963f\u5c14\u5351\u65af\u5c71<\/strong>\u63d0\u4f9b\u6587\u5316\u548c\u5386\u53f2\u65c5\u6e38\u670d\u52a1\u3002<\/li>\n<\/ul>\n\n\n\n<p>\u5982\u679c\u60a8\u7684\u9879\u76ee\u6d89\u53ca\u6cd5\u56fd\u5883\u5916\uff0c\u6211\u4eec\u4e5f\u53ef\u4ee5\u5b89\u6392\u2026\u2026 <strong>\u524d\u5f80\u897f\u73ed\u7259\u3001\u745e\u58eb\u3001\u610f\u5927\u5229\u6216\u6bd4\u5229\u65f6\u7684\u65c5\u7a0b<\/strong>\u59cb\u7ec8\u575a\u6301\u5bf9\u51c6\u65f6\u6027\u548c\u8d28\u91cf\u7684\u76f8\u540c\u8981\u6c42\u3002<\/p>\n\n\n\n<h2 class=\"wp-block-heading\">\u4e3a\u4ec0\u4e48\u5916\u56fd\u65c5\u884c\u56e2\u9009\u62e9TDS Travel<\/h2>\n\n\n\n<p>\u4fe1\u8d56TDS Travel\u7684\u56fd\u9645\u65c5\u884c\u793e\u4e3b\u8981\u5bfb\u6c42\u7684\u662f <strong>\u53ef\u9760\u6027\u3001\u8212\u9002\u6027\u548c\u5b89\u5fc3\u611f<\/strong>.<br>\u6211\u4eec\u7684\u5ba2\u6237\u8d5e\u8d4f\u6211\u4eec\u80fd\u591f\u4e86\u89e3\u56fd\u9645\u65c5\u884c\u8005\u7684\u671f\u671b\uff0c\u9884\u89c1\u4ed6\u4eec\u7684\u9700\u6c42\uff0c\u5e76\u63d0\u4f9b\u4f18\u8d28\u7684\u670d\u52a1\u3002 <strong>\u4e00\u5207\u90fd\u7ecf\u8fc7\u7cbe\u5fc3\u5b89\u6392\uff0c\u4e0d\u7559\u4efb\u4f55\u4fa5\u5e78\u4f59\u5730\u3002<\/strong>.<\/p>\n\n\n\n<p>TDS\u7684\u5353\u8d8a\u4e4b\u5904\u5728\u4e8e\u5176\u4e09\u5927\u652f\u67f1\uff1a<\/p>\n\n\n\n<ul class=\"wp-block-list\">\n<li><strong>\u6210\u719f\u7684\u7269\u6d41\u4e13\u4e1a\u77e5\u8bc6<\/strong>\u8fd9\u662f\u6e90\u4e8e\u6211\u4eec\u5728\u6cd5\u56fd\u548c\u6b27\u6d32\u4ece\u4e8b\u56e2\u4f53\u8fd0\u8f93\u4e1a\u52a1\u8d85\u8fc7 14 \u5e74\u7684\u7ecf\u9a8c\u3002<\/li>\n\n\n\n<li><strong>\u6c9f\u901a\u987a\u7545<\/strong>\u9879\u76ee\u7684\u6bcf\u4e2a\u9636\u6bb5\u90fd\u7531\u4e00\u652f\u82f1\u8bed\u56e2\u961f\u8d1f\u8d23\u786e\u4fdd\u3002<\/li>\n<\/ul>\n\n\n\n<p><strong>\u4e2a\u6027\u5316\u548c\u4eba\u6027\u5316\u7684\u65c5\u884c\u4f53\u9a8c<\/strong>\u6bcf\u4e00\u4e2a\u7ec6\u8282\u90fd\u81f3\u5173\u91cd\u8981\u2014\u2014\u4ece\u53f8\u673a\u662f\u5426\u51c6\u65f6\u5230\u8f66\u8f86\u7684\u6e29\u5ea6\u3002<\/p>\n\n\n\n<h2 class=\"wp-block-heading\">\u7ed3\u8bba\uff1a\u4e0e\u503c\u5f97\u4fe1\u8d56\u7684\u5408\u4f5c\u4f19\u4f34 TDS Travel \u4e00\u8d77\u63a2\u7d22\u6cd5\u56fd<\/h2>\n\n\n\n<p>\u9009\u62e9 TDS Travel \u4e3a\u60a8\u670d\u52a1 <strong>\u5916\u56fd\u56e2\u4f53\u5c0f\u5df4\u79df\u8d41<\/strong>\u8fd9\u662f\u9009\u62e9\u5b81\u9759\u3002<br>\u8fd9\u786e\u4fdd\u4e86\u4e13\u4e1a\u7684\u4ea4\u901a\u670d\u52a1\u3001\u4e2a\u6027\u5316\u7684\u670d\u52a1\u4ee5\u53ca\u6d41\u7545\u3001\u8212\u9002\u4e14\u4ee4\u4eba\u6109\u60a6\u7684\u65c5\u884c\u4f53\u9a8c\u3002\u6211\u4eec\u62e5\u6709\u82f1\u8bed\u6d41\u5229\u7684\u53f8\u673a\u3001\u73b0\u4ee3\u5316\u7684\u8f66\u961f\u548c\u91cf\u8eab\u5b9a\u5236\u7684\u670d\u52a1\u65b9\u6848\uff0c\u8ba9\u6bcf\u4e00\u6b21\u65c5\u7a0b\u90fd\u6210\u4e3a\u4e00\u6b21\u6109\u5feb\u3001\u5b89\u5168\u4e14\u4e95\u7136\u6709\u5e8f\u7684\u4f53\u9a8c\u3002<\/p>\n\n\n\n<p><strong><a href=\"https:\/\/www.tdstravel.fr\/zh\/\u63a5\u89e6\/\">\u7acb\u5373\u83b7\u53d6\u60a8\u7684\u4e13\u5c5e\u62a5\u4ef7<\/a><\/strong> \u8ba9\u6211\u4eec\u4e3a\u60a8\u6253\u9020\u4e00\u6b21\u96be\u5fd8\u7684\u6cd5\u56fd\u56e2\u4f53\u65c5\u884c\u4f53\u9a8c\u3002<\/p>","protected":false},"excerpt":{"rendered":"<p>Location de minibus avec chauffeur pour groupe \u00e9tranger Voyager en groupe \u00e0 travers la France est une exp\u00e9rience unique. Mais pour les&#8230;<\/p>","protected":false},"author":4,"featured_media":573,"parent":0,"menu_order":0,"comment_status":"closed","ping_status":"closed","template":"","meta":{"footnotes":""},"class_list":["post-599","page","type-page","status-publish","has-post-thumbnail","hentry"],"yoast_head":"<!-- This site is optimized with the Yoast SEO plugin v27.3 - https:\/\/yoast.com\/product\/yoast-seo-wordpress\/ -->\n<title>Location de minibus avec chauffeur pour groupes \u00e9trangers - TDS Travel<\/title>\n<meta name=\"description\" content=\"Location de minibus avec chauffeur anglophone pour groupes \u00e9trangers en France. Transport sur mesure, confort, s\u00e9curit\u00e9 et itin\u00e9raires personnalis\u00e9s avec TDS Travel.\" \/>\n<meta name=\"robots\" content=\"index, follow, max-snippet:-1, max-image-preview:large, max-video-preview:-1\" \/>\n<link rel=\"canonical\" href=\"https:\/\/www.tdstravel.fr\/zh\/\u5e26\u53f8\u673a\u7684\u5c0f\u578b\u5df4\u58eb\u79df\u8d41\/\" \/>\n<meta property=\"og:locale\" content=\"zh_CN\" \/>\n<meta property=\"og:type\" content=\"article\" \/>\n<meta property=\"og:title\" content=\"Location de minibus avec chauffeur pour groupes \u00e9trangers - TDS Travel\" \/>\n<meta property=\"og:description\" content=\"Location de minibus avec chauffeur anglophone pour groupes \u00e9trangers en France. Transport sur mesure, confort, s\u00e9curit\u00e9 et itin\u00e9raires personnalis\u00e9s avec TDS Travel.\" \/>\n<meta property=\"og:url\" content=\"https:\/\/www.tdstravel.fr\/zh\/\u5e26\u53f8\u673a\u7684\u5c0f\u578b\u5df4\u58eb\u79df\u8d41\/\" \/>\n<meta property=\"og:site_name\" content=\"TDS Travel\" \/>\n<meta property=\"article:modified_time\" content=\"2025-12-15T16:58:18+00:00\" \/>\n<meta property=\"og:image\" content=\"https:\/\/www.tdstravel.fr\/wp-content\/uploads\/2025\/05\/car-18-places-paysage.jpg\" \/>\n\t<meta property=\"og:image:width\" content=\"800\" \/>\n\t<meta property=\"og:image:height\" content=\"622\" \/>\n\t<meta property=\"og:image:type\" content=\"image\/jpeg\" \/>\n<meta name=\"twitter:card\" content=\"summary_large_image\" \/>\n<meta name=\"twitter:label1\" content=\"\u9884\u8ba1\u9605\u8bfb\u65f6\u95f4\" \/>\n\t<meta name=\"twitter:data1\" content=\"5 \u5206\" \/>\n<script type=\"application\/ld+json\" class=\"yoast-schema-graph\">{\"@context\":\"https:\\\/\\\/schema.org\",\"@graph\":[{\"@type\":\"WebPage\",\"@id\":\"https:\\\/\\\/www.tdstravel.fr\\\/location-minibus-avec-chauffeur\\\/\",\"url\":\"https:\\\/\\\/www.tdstravel.fr\\\/location-minibus-avec-chauffeur\\\/\",\"name\":\"Location de minibus avec chauffeur pour groupes \u00e9trangers - TDS Travel\",\"isPartOf\":{\"@id\":\"https:\\\/\\\/www.tdstravel.fr\\\/#website\"},\"primaryImageOfPage\":{\"@id\":\"https:\\\/\\\/www.tdstravel.fr\\\/location-minibus-avec-chauffeur\\\/#primaryimage\"},\"image\":{\"@id\":\"https:\\\/\\\/www.tdstravel.fr\\\/location-minibus-avec-chauffeur\\\/#primaryimage\"},\"thumbnailUrl\":\"https:\\\/\\\/www.tdstravel.fr\\\/wp-content\\\/uploads\\\/2025\\\/05\\\/car-18-places-paysage.jpg\",\"datePublished\":\"2025-12-15T16:55:17+00:00\",\"dateModified\":\"2025-12-15T16:58:18+00:00\",\"description\":\"Location de minibus avec chauffeur anglophone pour groupes \u00e9trangers en France. Transport sur mesure, confort, s\u00e9curit\u00e9 et itin\u00e9raires personnalis\u00e9s avec TDS Travel.\",\"breadcrumb\":{\"@id\":\"https:\\\/\\\/www.tdstravel.fr\\\/location-minibus-avec-chauffeur\\\/#breadcrumb\"},\"inLanguage\":\"zh-Hans\",\"potentialAction\":[{\"@type\":\"ReadAction\",\"target\":[\"https:\\\/\\\/www.tdstravel.fr\\\/location-minibus-avec-chauffeur\\\/\"]}]},{\"@type\":\"ImageObject\",\"inLanguage\":\"zh-Hans\",\"@id\":\"https:\\\/\\\/www.tdstravel.fr\\\/location-minibus-avec-chauffeur\\\/#primaryimage\",\"url\":\"https:\\\/\\\/www.tdstravel.fr\\\/wp-content\\\/uploads\\\/2025\\\/05\\\/car-18-places-paysage.jpg\",\"contentUrl\":\"https:\\\/\\\/www.tdstravel.fr\\\/wp-content\\\/uploads\\\/2025\\\/05\\\/car-18-places-paysage.jpg\",\"width\":800,\"height\":622,\"caption\":\"Minibus Vip\"},{\"@type\":\"BreadcrumbList\",\"@id\":\"https:\\\/\\\/www.tdstravel.fr\\\/location-minibus-avec-chauffeur\\\/#breadcrumb\",\"itemListElement\":[{\"@type\":\"ListItem\",\"position\":1,\"name\":\"Accueil\",\"item\":\"https:\\\/\\\/www.tdstravel.fr\\\/\"},{\"@type\":\"ListItem\",\"position\":2,\"name\":\"Location de minibus\"}]},{\"@type\":\"WebSite\",\"@id\":\"https:\\\/\\\/www.tdstravel.fr\\\/#website\",\"url\":\"https:\\\/\\\/www.tdstravel.fr\\\/\",\"name\":\"TDS Travel\",\"description\":\"Location d&#039;autocars et de bus \u00e0 Paris\",\"potentialAction\":[{\"@type\":\"SearchAction\",\"target\":{\"@type\":\"EntryPoint\",\"urlTemplate\":\"https:\\\/\\\/www.tdstravel.fr\\\/?s={search_term_string}\"},\"query-input\":{\"@type\":\"PropertyValueSpecification\",\"valueRequired\":true,\"valueName\":\"search_term_string\"}}],\"inLanguage\":\"zh-Hans\"}]}<\/script>\n<!-- \/ Yoast SEO plugin. -->","yoast_head_json":{"title":"\u4e3a\u5916\u56fd\u56e2\u4f53\u63d0\u4f9b\u5e26\u53f8\u673a\u7684\u5c0f\u578b\u5df4\u58eb\u79df\u8d41\u670d\u52a1 - TDS \u65c5\u884c\u793e","description":"TDS Travel \u4e3a\u5916\u56fd\u56e2\u4f53\u63d0\u4f9b\u6cd5\u56fd\u5883\u5185\u914d\u5907\u82f1\u8bed\u53f8\u673a\u7684\u8ff7\u4f60\u5df4\u58eb\u79df\u8d41\u670d\u52a1\u3002\u6211\u4eec\u63d0\u4f9b\u91cf\u8eab\u5b9a\u5236\u7684\u4ea4\u901a\u65b9\u6848\u3001\u8212\u9002\u4fbf\u6377\u7684\u65c5\u7a0b\u3001\u5b89\u5168\u53ef\u9760\u7684\u51fa\u884c\u4fdd\u969c\u548c\u4e2a\u6027\u5316\u7684\u884c\u7a0b\u5b89\u6392\u3002","robots":{"index":"index","follow":"follow","max-snippet":"max-snippet:-1","max-image-preview":"max-image-preview:large","max-video-preview":"max-video-preview:-1"},"canonical":"https:\/\/www.tdstravel.fr\/zh\/\u5e26\u53f8\u673a\u7684\u5c0f\u578b\u5df4\u58eb\u79df\u8d41\/","og_locale":"zh_CN","og_type":"article","og_title":"Location de minibus avec chauffeur pour groupes \u00e9trangers - TDS Travel","og_description":"Location de minibus avec chauffeur anglophone pour groupes \u00e9trangers en France. Transport sur mesure, confort, s\u00e9curit\u00e9 et itin\u00e9raires personnalis\u00e9s avec TDS Travel.","og_url":"https:\/\/www.tdstravel.fr\/zh\/\u5e26\u53f8\u673a\u7684\u5c0f\u578b\u5df4\u58eb\u79df\u8d41\/","og_site_name":"TDS Travel","article_modified_time":"2025-12-15T16:58:18+00:00","og_image":[{"width":800,"height":622,"url":"https:\/\/www.tdstravel.fr\/wp-content\/uploads\/2025\/05\/car-18-places-paysage.jpg","type":"image\/jpeg"}],"twitter_card":"summary_large_image","twitter_misc":{"\u9884\u8ba1\u9605\u8bfb\u65f6\u95f4":"5 \u5206"},"schema":{"@context":"https:\/\/schema.org","@graph":[{"@type":"WebPage","@id":"https:\/\/www.tdstravel.fr\/location-minibus-avec-chauffeur\/","url":"https:\/\/www.tdstravel.fr\/location-minibus-avec-chauffeur\/","name":"\u4e3a\u5916\u56fd\u56e2\u4f53\u63d0\u4f9b\u5e26\u53f8\u673a\u7684\u5c0f\u578b\u5df4\u58eb\u79df\u8d41\u670d\u52a1 - TDS \u65c5\u884c\u793e","isPartOf":{"@id":"https:\/\/www.tdstravel.fr\/#website"},"primaryImageOfPage":{"@id":"https:\/\/www.tdstravel.fr\/location-minibus-avec-chauffeur\/#primaryimage"},"image":{"@id":"https:\/\/www.tdstravel.fr\/location-minibus-avec-chauffeur\/#primaryimage"},"thumbnailUrl":"https:\/\/www.tdstravel.fr\/wp-content\/uploads\/2025\/05\/car-18-places-paysage.jpg","datePublished":"2025-12-15T16:55:17+00:00","dateModified":"2025-12-15T16:58:18+00:00","description":"TDS Travel \u4e3a\u5916\u56fd\u56e2\u4f53\u63d0\u4f9b\u6cd5\u56fd\u5883\u5185\u914d\u5907\u82f1\u8bed\u53f8\u673a\u7684\u8ff7\u4f60\u5df4\u58eb\u79df\u8d41\u670d\u52a1\u3002\u6211\u4eec\u63d0\u4f9b\u91cf\u8eab\u5b9a\u5236\u7684\u4ea4\u901a\u65b9\u6848\u3001\u8212\u9002\u4fbf\u6377\u7684\u65c5\u7a0b\u3001\u5b89\u5168\u53ef\u9760\u7684\u51fa\u884c\u4fdd\u969c\u548c\u4e2a\u6027\u5316\u7684\u884c\u7a0b\u5b89\u6392\u3002","breadcrumb":{"@id":"https:\/\/www.tdstravel.fr\/location-minibus-avec-chauffeur\/#breadcrumb"},"inLanguage":"zh-Hans","potentialAction":[{"@type":"ReadAction","target":["https:\/\/www.tdstravel.fr\/location-minibus-avec-chauffeur\/"]}]},{"@type":"ImageObject","inLanguage":"zh-Hans","@id":"https:\/\/www.tdstravel.fr\/location-minibus-avec-chauffeur\/#primaryimage","url":"https:\/\/www.tdstravel.fr\/wp-content\/uploads\/2025\/05\/car-18-places-paysage.jpg","contentUrl":"https:\/\/www.tdstravel.fr\/wp-content\/uploads\/2025\/05\/car-18-places-paysage.jpg","width":800,"height":622,"caption":"Minibus Vip"},{"@type":"BreadcrumbList","@id":"https:\/\/www.tdstravel.fr\/location-minibus-avec-chauffeur\/#breadcrumb","itemListElement":[{"@type":"ListItem","position":1,"name":"Accueil","item":"https:\/\/www.tdstravel.fr\/"},{"@type":"ListItem","position":2,"name":"Location de minibus"}]},{"@type":"WebSite","@id":"https:\/\/www.tdstravel.fr\/#website","url":"https:\/\/www.tdstravel.fr\/","name":"TDS\u65c5\u6e38","description":"\u5df4\u9ece\u7684\u957f\u9014\u5ba2\u8f66\u548c\u516c\u5171\u6c7d\u8f66\u79df\u8d41","potentialAction":[{"@type":"SearchAction","target":{"@type":"EntryPoint","urlTemplate":"https:\/\/www.tdstravel.fr\/?s={search_term_string}"},"query-input":{"@type":"PropertyValueSpecification","valueRequired":true,"valueName":"search_term_string"}}],"inLanguage":"zh-Hans"}]}},"_links":{"self":[{"href":"https:\/\/www.tdstravel.fr\/zh\/wp-json\/wp\/v2\/pages\/599","targetHints":{"allow":["GET"]}}],"collection":[{"href":"https:\/\/www.tdstravel.fr\/zh\/wp-json\/wp\/v2\/pages"}],"about":[{"href":"https:\/\/www.tdstravel.fr\/zh\/wp-json\/wp\/v2\/types\/page"}],"author":[{"embeddable":true,"href":"https:\/\/www.tdstravel.fr\/zh\/wp-json\/wp\/v2\/users\/4"}],"replies":[{"embeddable":true,"href":"https:\/\/www.tdstravel.fr\/zh\/wp-json\/wp\/v2\/comments?post=599"}],"version-history":[{"count":3,"href":"https:\/\/www.tdstravel.fr\/zh\/wp-json\/wp\/v2\/pages\/599\/revisions"}],"predecessor-version":[{"id":605,"href":"https:\/\/www.tdstravel.fr\/zh\/wp-json\/wp\/v2\/pages\/599\/revisions\/605"}],"wp:featuredmedia":[{"embeddable":true,"href":"https:\/\/www.tdstravel.fr\/zh\/wp-json\/wp\/v2\/media\/573"}],"wp:attachment":[{"href":"https:\/\/www.tdstravel.fr\/zh\/wp-json\/wp\/v2\/media?parent=599"}],"curies":[{"name":"\u53ef\u6e7f\u6027\u7c89\u5242","href":"https:\/\/api.w.org\/{rel}","templated":true}]}}